{"id":249,"date":"2015-12-09T18:37:19","date_gmt":"2015-12-09T18:37:19","guid":{"rendered":"http:\/\/www.headproducoes.com.br\/site\/?page_id=249"},"modified":"2015-12-14T19:33:21","modified_gmt":"2015-12-14T19:33:21","slug":"trilhas","status":"publish","type":"page","link":"http:\/\/www.headproducoes.com.br\/site\/portfolio\/trilhas\/","title":{"rendered":"Trilhas"},"content":{"rendered":"<p>[et_pb_section admin_label=&#8221;Se\u00e7\u00e3o&#8221; fullwidth=&#8221;on&#8221; specialty=&#8221;off&#8221; background_image=&#8221;http:\/\/www.headproducoes.com.br\/site\/wp-content\/uploads\/2015\/12\/trilha-sonora-385.jpg&#8221; transparent_background=&#8221;off&#8221; allow_player_pause=&#8221;off&#8221; inner_shadow=&#8221;off&#8221; parallax=&#8221;on&#8221; parallax_method=&#8221;off&#8221; custom_padding=&#8221;100px|||&#8221; padding_mobile=&#8221;off&#8221; make_fullwidth=&#8221;off&#8221; use_custom_width=&#8221;off&#8221; width_unit=&#8221;on&#8221; make_equal=&#8221;off&#8221; use_custom_gutter=&#8221;off&#8221; gutter_width=&#8221;3&#8243;][et_pb_fullwidth_post_title admin_label=&#8221;T\u00edtulo da Publica\u00e7\u00e3o de Largura Inteira&#8221; title=&#8221;on&#8221; meta=&#8221;off&#8221; author=&#8221;on&#8221; date=&#8221;on&#8221; categories=&#8221;on&#8221; comments=&#8221;on&#8221; featured_image=&#8221;off&#8221; featured_placement=&#8221;below&#8221; parallax_effect=&#8221;on&#8221; parallax_method=&#8221;on&#8221; text_orientation=&#8221;right&#8221; text_color=&#8221;light&#8221; text_background=&#8221;off&#8221; text_bg_color=&#8221;rgba(255,255,255,0.9)&#8221; module_bg_color=&#8221;rgba(255,255,255,0)&#8221; title_font=&#8221;|on|||&#8221; title_all_caps=&#8221;off&#8221; meta_font_size=&#8221;14&#8243; use_border_color=&#8221;off&#8221; border_color=&#8221;#ffffff&#8221; border_style=&#8221;solid&#8221;] [\/et_pb_fullwidth_post_title][\/et_pb_section][et_pb_section admin_label=&#8221;section&#8221;][et_pb_row admin_label=&#8221;row&#8221;][et_pb_column type=&#8221;1_3&#8243;][et_pb_audio admin_label=&#8221;\u00c1udio&#8221; audio=&#8221;http:\/\/www.headproducoes.com.br\/site\/wp-content\/uploads\/2015\/12\/Trilhas-Trilha-Serdil.mp3&#8243; title=&#8221;Serdil&#8221; background_layout=&#8221;light&#8221; background_color=&#8221;#ffffff&#8221; title_font_size=&#8221;15&#8243; caption_font_size=&#8221;14&#8243; use_border_color=&#8221;off&#8221; border_color=&#8221;#ffffff&#8221; border_style=&#8221;solid&#8221;] [\/et_pb_audio][et_pb_audio admin_label=&#8221;\u00c1udio&#8221; audio=&#8221;http:\/\/www.headproducoes.com.br\/site\/wp-content\/uploads\/2015\/12\/Trilhas-Governo-do-Urugay.mp3&#8243; title=&#8221;Governo do Urugay&#8221; background_layout=&#8221;light&#8221; background_color=&#8221;#ffffff&#8221; title_font_size=&#8221;15&#8243; caption_font_size=&#8221;14&#8243; use_border_color=&#8221;off&#8221; border_color=&#8221;#ffffff&#8221; border_style=&#8221;solid&#8221;] [\/et_pb_audio][\/et_pb_column][et_pb_column type=&#8221;1_3&#8243;][et_pb_audio admin_label=&#8221;\u00c1udio&#8221; audio=&#8221;http:\/\/www.headproducoes.com.br\/site\/wp-content\/uploads\/2015\/12\/Trilhas-Spazio-Del-Bagno.mp3&#8243; title=&#8221;Spazio Del Bagno&#8221; background_layout=&#8221;light&#8221; background_color=&#8221;#ffffff&#8221; title_font_size=&#8221;15&#8243; caption_font_size=&#8221;14&#8243; use_border_color=&#8221;off&#8221; border_color=&#8221;#ffffff&#8221; border_style=&#8221;solid&#8221;] [\/et_pb_audio][\/et_pb_column][et_pb_column type=&#8221;1_3&#8243;][et_pb_audio admin_label=&#8221;\u00c1udio&#8221; audio=&#8221;http:\/\/www.headproducoes.com.br\/site\/wp-content\/uploads\/2015\/12\/Trilhas-Rbs-Radio-Gaucha.mp3&#8243; title=&#8221;R\u00e1dio Ga\u00facha&#8221; background_layout=&#8221;light&#8221; background_color=&#8221;#ffffff&#8221; title_font_size=&#8221;15&#8243; caption_font_size=&#8221;14&#8243; use_border_color=&#8221;off&#8221; border_color=&#8221;#ffffff&#8221; border_style=&#8221;solid&#8221;] [\/et_pb_audio][\/et_pb_column][\/et_pb_row][\/et_pb_section]<\/p>\n<span class=\"et_bloom_bottom_trigger\"><\/span>","protected":false},"excerpt":{"rendered":"","protected":false},"author":2,"featured_media":0,"parent":81,"menu_order":0,"comment_status":"closed","ping_status":"closed","template":"","meta":{"_et_pb_use_builder":"on","_et_pb_old_content":"","_et_gb_content_width":"","footnotes":""},"_links":{"self":[{"href":"http:\/\/www.headproducoes.com.br\/site\/wp-json\/wp\/v2\/pages\/249"}],"collection":[{"href":"http:\/\/www.headproducoes.com.br\/site\/wp-json\/wp\/v2\/pages"}],"about":[{"href":"http:\/\/www.headproducoes.com.br\/site\/wp-json\/wp\/v2\/types\/page"}],"author":[{"embeddable":true,"href":"http:\/\/www.headproducoes.com.br\/site\/wp-json\/wp\/v2\/users\/2"}],"replies":[{"embeddable":true,"href":"http:\/\/www.headproducoes.com.br\/site\/wp-json\/wp\/v2\/comments?post=249"}],"version-history":[{"count":4,"href":"http:\/\/www.headproducoes.com.br\/site\/wp-json\/wp\/v2\/pages\/249\/revisions"}],"predecessor-version":[{"id":411,"href":"http:\/\/www.headproducoes.com.br\/site\/wp-json\/wp\/v2\/pages\/249\/revisions\/411"}],"up":[{"embeddable":true,"href":"http:\/\/www.headproducoes.com.br\/site\/wp-json\/wp\/v2\/pages\/81"}],"wp:attachment":[{"href":"http:\/\/www.headproducoes.com.br\/site\/wp-json\/wp\/v2\/media?parent=249"}],"curies":[{"name":"wp","href":"https:\/\/api.w.org\/{rel}","templated":true}]}}