{"id":81,"date":"2015-12-01T18:23:11","date_gmt":"2015-12-01T18:23:11","guid":{"rendered":"http:\/\/www.headproducoes.com.br\/site\/?page_id=81"},"modified":"2015-12-15T14:34:44","modified_gmt":"2015-12-15T16:34:44","slug":"portfolio","status":"publish","type":"page","link":"http:\/\/www.headproducoes.com.br\/site\/portfolio\/","title":{"rendered":"Portf\u00f3lio"},"content":{"rendered":"<p>[et_pb_section admin_label=&#8221;section&#8221; global_module=&#8221;190&#8243; fullwidth=&#8221;on&#8221; specialty=&#8221;off&#8221; background_image=&#8221;http:\/\/www.headproducoes.com.br\/site\/wp-content\/uploads\/2015\/12\/som.jpg&#8221; inner_shadow=&#8221;off&#8221; parallax=&#8221;on&#8221; transparent_background=&#8221;off&#8221; allow_player_pause=&#8221;off&#8221; parallax_method=&#8221;off&#8221; padding_mobile=&#8221;off&#8221; make_fullwidth=&#8221;off&#8221; use_custom_width=&#8221;off&#8221; width_unit=&#8221;on&#8221; make_equal=&#8221;off&#8221; use_custom_gutter=&#8221;off&#8221; gutter_width=&#8221;3&#8243; custom_padding=&#8221;200px|||&#8221;][et_pb_fullwidth_header global_parent=&#8221;190&#8243; admin_label=&#8221;Fullwidth Header&#8221; title=&#8221;Nossos Trabalhos&#8221; subhead=&#8221;Usamos a cabe\u00e7a, e voc\u00ea?&#8221; background_layout=&#8221;dark&#8221; text_orientation=&#8221;right&#8221; header_fullscreen=&#8221;off&#8221; header_scroll_down=&#8221;on&#8221; parallax=&#8221;off&#8221; parallax_method=&#8221;off&#8221; content_orientation=&#8221;center&#8221; image_orientation=&#8221;center&#8221; custom_button_one=&#8221;off&#8221; button_one_text_size=&#8221;20&#8243; button_one_border_width=&#8221;2&#8243; button_one_border_radius=&#8221;3&#8243; button_one_letter_spacing=&#8221;0&#8243; button_one_use_icon=&#8221;default&#8221; button_one_icon_placement=&#8221;right&#8221; button_one_on_hover=&#8221;on&#8221; button_one_border_radius_hover=&#8221;3&#8243; button_one_letter_spacing_hover=&#8221;0&#8243; custom_button_two=&#8221;off&#8221; button_two_text_size=&#8221;20&#8243; button_two_border_width=&#8221;2&#8243; button_two_border_radius=&#8221;3&#8243; button_two_letter_spacing=&#8221;0&#8243; button_two_use_icon=&#8221;default&#8221; button_two_icon_placement=&#8221;right&#8221; button_two_on_hover=&#8221;on&#8221; button_two_border_radius_hover=&#8221;3&#8243; button_two_letter_spacing_hover=&#8221;0&#8243; title_font=&#8221;|on|||&#8221;] [\/et_pb_fullwidth_header][\/et_pb_section][et_pb_section admin_label=&#8221;Se\u00e7\u00e3o&#8221; fullwidth=&#8221;off&#8221; specialty=&#8221;off&#8221;][et_pb_row admin_label=&#8221;Linha&#8221; make_fullwidth=&#8221;on&#8221; use_custom_width=&#8221;off&#8221; width_unit=&#8221;on&#8221; use_custom_gutter=&#8221;off&#8221; gutter_width=&#8221;3&#8243; padding_mobile=&#8221;off&#8221; allow_player_pause=&#8221;off&#8221; parallax=&#8221;off&#8221; parallax_method=&#8221;off&#8221; make_equal=&#8221;off&#8221; parallax_1=&#8221;off&#8221; parallax_method_1=&#8221;off&#8221; column_padding_mobile=&#8221;on&#8221;][et_pb_column type=&#8221;4_4&#8243;][et_pb_text admin_label=&#8221;Texto&#8221; background_layout=&#8221;light&#8221; text_orientation=&#8221;left&#8221; text_font_size=&#8221;14&#8243; use_border_color=&#8221;off&#8221; border_color=&#8221;#ffffff&#8221; border_style=&#8221;solid&#8221;]<\/p>\n<h2><strong>\u00c1udio visuais<\/strong><\/h2>\n<hr \/>\n<h2><\/h2>\n<p>&nbsp;<\/p>\n<p>[\/et_pb_text][\/et_pb_column][\/et_pb_row][et_pb_row admin_label=&#8221;Linha&#8221;][et_pb_column type=&#8221;1_4&#8243;][et_pb_audio admin_label=&#8221;\u00c1udio&#8221; audio=&#8221;http:\/\/www.headproducoes.com.br\/site\/wp-content\/uploads\/2015\/12\/AV-Sta.Marina.mp3&#8243; title=&#8221;Sta.Marina&#8221; background_layout=&#8221;light&#8221; title_font_size=&#8221;15&#8243; caption_font_size=&#8221;14&#8243; use_border_color=&#8221;off&#8221; border_color=&#8221;#ffffff&#8221; border_style=&#8221;solid&#8221; background_color=&#8221;#ffffff&#8221;] [\/et_pb_audio][\/et_pb_column][et_pb_column type=&#8221;1_4&#8243;][et_pb_audio admin_label=&#8221;\u00c1udio&#8221; audio=&#8221;http:\/\/www.headproducoes.com.br\/site\/wp-content\/uploads\/2015\/12\/Developers.mp3&#8243; title=&#8221;Tanac&#8221; background_layout=&#8221;light&#8221; title_font_size=&#8221;15&#8243; caption_font_size=&#8221;14&#8243; use_border_color=&#8221;off&#8221; border_color=&#8221;#ffffff&#8221; border_style=&#8221;solid&#8221; background_color=&#8221;#ffffff&#8221;] [\/et_pb_audio][\/et_pb_column][et_pb_column type=&#8221;1_4&#8243;][et_pb_audio admin_label=&#8221;\u00c1udio&#8221; audio=&#8221;http:\/\/www.headproducoes.com.br\/site\/wp-content\/uploads\/2015\/12\/AV-Mix-Audio-Visual-R\u00e1dioWeb.mp3&#8243; title=&#8221;R\u00e1dioWeb&#8221; background_layout=&#8221;light&#8221; title_font_size=&#8221;15&#8243; caption_font_size=&#8221;14&#8243; use_border_color=&#8221;off&#8221; border_color=&#8221;#ffffff&#8221; border_style=&#8221;solid&#8221; background_color=&#8221;#ffffff&#8221;] [\/et_pb_audio][\/et_pb_column][et_pb_column type=&#8221;1_4&#8243;][et_pb_cta admin_label=&#8221;Chamada \u00e0 A\u00e7\u00e3o&#8221; url_new_window=&#8221;off&#8221; use_background_color=&#8221;off&#8221; background_color=&#8221;#4b467c&#8221; background_layout=&#8221;light&#8221; text_orientation=&#8221;left&#8221; header_font_size=&#8221;26&#8243; body_font_size=&#8221;14&#8243; use_border_color=&#8221;off&#8221; border_color=&#8221;#ffffff&#8221; border_style=&#8221;solid&#8221; custom_button=&#8221;off&#8221; button_text_size=&#8221;20&#8243; button_border_width=&#8221;2&#8243; button_border_radius=&#8221;3&#8243; button_letter_spacing=&#8221;0&#8243; button_use_icon=&#8221;default&#8221; button_icon_placement=&#8221;right&#8221; button_on_hover=&#8221;on&#8221; button_border_radius_hover=&#8221;3&#8243; button_letter_spacing_hover=&#8221;0&#8243; button_url=&#8221;http:\/\/www.headproducoes.com.br\/site\/portfolio\/audio-visual\/&#8221; button_text=&#8221;Ver mais&#8221;] [\/et_pb_cta][\/et_pb_column][\/et_pb_row][\/et_pb_section][et_pb_section admin_label=&#8221;Se\u00e7\u00e3o&#8221; fullwidth=&#8221;off&#8221; specialty=&#8221;off&#8221;][et_pb_row admin_label=&#8221;Linha&#8221; make_fullwidth=&#8221;on&#8221; use_custom_width=&#8221;off&#8221; width_unit=&#8221;on&#8221; use_custom_gutter=&#8221;off&#8221; gutter_width=&#8221;3&#8243; padding_mobile=&#8221;off&#8221; allow_player_pause=&#8221;off&#8221; parallax=&#8221;off&#8221; parallax_method=&#8221;off&#8221; make_equal=&#8221;off&#8221; parallax_1=&#8221;off&#8221; parallax_method_1=&#8221;off&#8221; column_padding_mobile=&#8221;on&#8221;][et_pb_column type=&#8221;4_4&#8243;][et_pb_text admin_label=&#8221;Texto&#8221; background_layout=&#8221;light&#8221; text_orientation=&#8221;left&#8221; text_font_size=&#8221;14&#8243; use_border_color=&#8221;off&#8221; border_color=&#8221;#ffffff&#8221; border_style=&#8221;solid&#8221;]<\/p>\n<h2><strong>Espera Telef\u00f4nica<\/strong><\/h2>\n<hr \/>\n<h2><\/h2>\n<p>[\/et_pb_text][\/et_pb_column][\/et_pb_row][et_pb_row admin_label=&#8221;Linha&#8221;][et_pb_column type=&#8221;1_4&#8243;][et_pb_audio admin_label=&#8221;\u00c1udio&#8221; audio=&#8221;http:\/\/www.headproducoes.com.br\/site\/wp-content\/uploads\/2015\/12\/Espera-Ura-Hemocord.mp3&#8243; title=&#8221;Hemocord&#8221; background_layout=&#8221;light&#8221; title_font_size=&#8221;15&#8243; caption_font_size=&#8221;14&#8243; use_border_color=&#8221;off&#8221; border_color=&#8221;#ffffff&#8221; border_style=&#8221;solid&#8221; background_color=&#8221;#ffffff&#8221;] [\/et_pb_audio][\/et_pb_column][et_pb_column type=&#8221;1_4&#8243;][et_pb_audio admin_label=&#8221;\u00c1udio&#8221; audio=&#8221;http:\/\/www.headproducoes.com.br\/site\/wp-content\/uploads\/2015\/12\/Espera-Unicred.mp3&#8243; title=&#8221;Unicred&#8221; background_layout=&#8221;light&#8221; title_font_size=&#8221;15&#8243; caption_font_size=&#8221;14&#8243; use_border_color=&#8221;off&#8221; border_color=&#8221;#ffffff&#8221; border_style=&#8221;solid&#8221; background_color=&#8221;#ffffff&#8221;] [\/et_pb_audio][\/et_pb_column][et_pb_column type=&#8221;1_4&#8243;][et_pb_audio admin_label=&#8221;\u00c1udio&#8221; audio=&#8221;http:\/\/www.headproducoes.com.br\/site\/wp-content\/uploads\/2015\/12\/Espera-Carway.mp3&#8243; title=&#8221;Carway&#8221; background_layout=&#8221;light&#8221; title_font_size=&#8221;15&#8243; caption_font_size=&#8221;14&#8243; use_border_color=&#8221;off&#8221; border_color=&#8221;#ffffff&#8221; border_style=&#8221;solid&#8221; background_color=&#8221;#ffffff&#8221;] [\/et_pb_audio][\/et_pb_column][et_pb_column type=&#8221;1_4&#8243;][et_pb_cta admin_label=&#8221;Chamada \u00e0 A\u00e7\u00e3o&#8221; url_new_window=&#8221;off&#8221; use_background_color=&#8221;off&#8221; background_color=&#8221;#4b467c&#8221; background_layout=&#8221;light&#8221; text_orientation=&#8221;left&#8221; header_font_size=&#8221;26&#8243; body_font_size=&#8221;14&#8243; use_border_color=&#8221;off&#8221; border_color=&#8221;#ffffff&#8221; border_style=&#8221;solid&#8221; custom_button=&#8221;off&#8221; button_text_size=&#8221;20&#8243; button_border_width=&#8221;2&#8243; button_border_radius=&#8221;3&#8243; button_letter_spacing=&#8221;0&#8243; button_use_icon=&#8221;default&#8221; button_icon_placement=&#8221;right&#8221; button_on_hover=&#8221;on&#8221; button_border_radius_hover=&#8221;3&#8243; button_letter_spacing_hover=&#8221;0&#8243; button_url=&#8221;http:\/\/www.headproducoes.com.br\/site\/portfolio\/espera-telefonica\/&#8221; button_text=&#8221;Ver mais&#8221;] [\/et_pb_cta][\/et_pb_column][\/et_pb_row][\/et_pb_section][et_pb_section admin_label=&#8221;Se\u00e7\u00e3o&#8221; fullwidth=&#8221;off&#8221; specialty=&#8221;off&#8221;][et_pb_row admin_label=&#8221;Linha&#8221; make_fullwidth=&#8221;on&#8221; use_custom_width=&#8221;off&#8221; width_unit=&#8221;on&#8221; use_custom_gutter=&#8221;off&#8221; gutter_width=&#8221;3&#8243; padding_mobile=&#8221;off&#8221; allow_player_pause=&#8221;off&#8221; parallax=&#8221;off&#8221; parallax_method=&#8221;off&#8221; make_equal=&#8221;off&#8221; parallax_1=&#8221;off&#8221; parallax_method_1=&#8221;off&#8221; column_padding_mobile=&#8221;on&#8221;][et_pb_column type=&#8221;4_4&#8243;][et_pb_text admin_label=&#8221;Texto&#8221; background_layout=&#8221;light&#8221; text_orientation=&#8221;left&#8221; text_font_size=&#8221;14&#8243; use_border_color=&#8221;off&#8221; border_color=&#8221;#ffffff&#8221; border_style=&#8221;solid&#8221;]<\/p>\n<h2><strong>Jingles<\/strong><\/h2>\n<hr \/>\n<h2><\/h2>\n<p>[\/et_pb_text][\/et_pb_column][\/et_pb_row][et_pb_row admin_label=&#8221;Linha&#8221;][et_pb_column type=&#8221;1_4&#8243;][et_pb_audio admin_label=&#8221;\u00c1udio&#8221; audio=&#8221;http:\/\/www.headproducoes.com.br\/site\/wp-content\/uploads\/2015\/12\/Jingle-Severo-Roth-21.08.2013.mp3&#8243; title=&#8221;Severo Roth&#8221; background_layout=&#8221;light&#8221; title_font_size=&#8221;15&#8243; caption_font_size=&#8221;14&#8243; use_border_color=&#8221;off&#8221; border_color=&#8221;#ffffff&#8221; border_style=&#8221;solid&#8221; background_color=&#8221;#ffffff&#8221;] [\/et_pb_audio][\/et_pb_column][et_pb_column type=&#8221;1_4&#8243;][et_pb_audio admin_label=&#8221;\u00c1udio&#8221; audio=&#8221;http:\/\/www.headproducoes.com.br\/site\/wp-content\/uploads\/2015\/12\/Jingle-Bravo-Nutrindo-amizades-22.12.2010.mp3&#8243; title=&#8221;Bravo &#8211; Nutrindo Amizades&#8221; background_layout=&#8221;light&#8221; title_font_size=&#8221;15&#8243; caption_font_size=&#8221;14&#8243; use_border_color=&#8221;off&#8221; border_color=&#8221;#ffffff&#8221; border_style=&#8221;solid&#8221; background_color=&#8221;#ffffff&#8221;] [\/et_pb_audio][\/et_pb_column][et_pb_column type=&#8221;1_4&#8243;][et_pb_audio admin_label=&#8221;\u00c1udio&#8221; audio=&#8221;http:\/\/www.headproducoes.com.br\/site\/wp-content\/uploads\/2015\/12\/Jingle-Galeazi-Martinox.mp3&#8243; title=&#8221;Galeazi &#8211; Martinox&#8221; background_layout=&#8221;light&#8221; title_font_size=&#8221;15&#8243; caption_font_size=&#8221;14&#8243; use_border_color=&#8221;off&#8221; border_color=&#8221;#ffffff&#8221; border_style=&#8221;solid&#8221; background_color=&#8221;#ffffff&#8221;] [\/et_pb_audio][\/et_pb_column][et_pb_column type=&#8221;1_4&#8243;][et_pb_cta admin_label=&#8221;Chamada \u00e0 A\u00e7\u00e3o&#8221; url_new_window=&#8221;off&#8221; use_background_color=&#8221;off&#8221; background_color=&#8221;#4b467c&#8221; background_layout=&#8221;light&#8221; text_orientation=&#8221;left&#8221; header_font_size=&#8221;26&#8243; body_font_size=&#8221;14&#8243; use_border_color=&#8221;off&#8221; border_color=&#8221;#ffffff&#8221; border_style=&#8221;solid&#8221; custom_button=&#8221;off&#8221; button_text_size=&#8221;20&#8243; button_border_width=&#8221;2&#8243; button_border_radius=&#8221;3&#8243; button_letter_spacing=&#8221;0&#8243; button_use_icon=&#8221;default&#8221; button_icon_placement=&#8221;right&#8221; button_on_hover=&#8221;on&#8221; button_border_radius_hover=&#8221;3&#8243; button_letter_spacing_hover=&#8221;0&#8243; button_url=&#8221;http:\/\/www.headproducoes.com.br\/site\/portfolio\/jingles\/&#8221; button_text=&#8221;Ver mais&#8221;] [\/et_pb_cta][\/et_pb_column][\/et_pb_row][\/et_pb_section][et_pb_section admin_label=&#8221;Se\u00e7\u00e3o&#8221; fullwidth=&#8221;off&#8221; specialty=&#8221;off&#8221;][et_pb_row admin_label=&#8221;Linha&#8221; make_fullwidth=&#8221;on&#8221; use_custom_width=&#8221;off&#8221; width_unit=&#8221;on&#8221; use_custom_gutter=&#8221;off&#8221; gutter_width=&#8221;3&#8243; padding_mobile=&#8221;off&#8221; allow_player_pause=&#8221;off&#8221; parallax=&#8221;off&#8221; parallax_method=&#8221;off&#8221; make_equal=&#8221;off&#8221; parallax_1=&#8221;off&#8221; parallax_method_1=&#8221;off&#8221; column_padding_mobile=&#8221;on&#8221;][et_pb_column type=&#8221;4_4&#8243;][et_pb_text admin_label=&#8221;Texto&#8221; background_layout=&#8221;light&#8221; text_orientation=&#8221;left&#8221; text_font_size=&#8221;14&#8243; use_border_color=&#8221;off&#8221; border_color=&#8221;#ffffff&#8221; border_style=&#8221;solid&#8221; text_font=&#8221;|on|||&#8221;]<\/p>\n<h2><strong>Spots<\/strong><\/h2>\n<hr \/>\n<h2><\/h2>\n<p>[\/et_pb_text][\/et_pb_column][\/et_pb_row][et_pb_row admin_label=&#8221;Linha&#8221;][et_pb_column type=&#8221;1_4&#8243;][et_pb_audio admin_label=&#8221;\u00c1udio&#8221; audio=&#8221;http:\/\/www.headproducoes.com.br\/site\/wp-content\/uploads\/2015\/12\/Spot-Sushi-Seninha-14.11.2014.mp3&#8243; title=&#8221;Sushi Seninha &#8221; background_layout=&#8221;light&#8221; title_font_size=&#8221;15&#8243; caption_font_size=&#8221;14&#8243; use_border_color=&#8221;off&#8221; border_color=&#8221;#ffffff&#8221; border_style=&#8221;solid&#8221; background_color=&#8221;#ffffff&#8221;] [\/et_pb_audio][\/et_pb_column][et_pb_column type=&#8221;1_4&#8243;][et_pb_audio admin_label=&#8221;\u00c1udio&#8221; audio=&#8221;http:\/\/www.headproducoes.com.br\/site\/wp-content\/uploads\/2015\/12\/Spot-Oticas-Diniz-25.08.2010.mp3&#8243; title=&#8221;\u00d3ticas Diniz&#8221; background_layout=&#8221;light&#8221; title_font_size=&#8221;15&#8243; caption_font_size=&#8221;14&#8243; use_border_color=&#8221;off&#8221; border_color=&#8221;#ffffff&#8221; border_style=&#8221;solid&#8221; background_color=&#8221;#ffffff&#8221;] [\/et_pb_audio][\/et_pb_column][et_pb_column type=&#8221;1_4&#8243;][et_pb_audio admin_label=&#8221;\u00c1udio&#8221; audio=&#8221;http:\/\/www.headproducoes.com.br\/site\/wp-content\/uploads\/2015\/12\/Spot-Onde-Comer-Bem-22.04.2013.mp3&#8243; title=&#8221;Onde Comer Bem&#8221; background_layout=&#8221;light&#8221; title_font_size=&#8221;15&#8243; caption_font_size=&#8221;14&#8243; use_border_color=&#8221;off&#8221; border_color=&#8221;#ffffff&#8221; border_style=&#8221;solid&#8221; background_color=&#8221;#ffffff&#8221;] [\/et_pb_audio][\/et_pb_column][et_pb_column type=&#8221;1_4&#8243;][et_pb_cta admin_label=&#8221;Chamada \u00e0 A\u00e7\u00e3o&#8221; url_new_window=&#8221;off&#8221; use_background_color=&#8221;off&#8221; background_color=&#8221;#4b467c&#8221; background_layout=&#8221;light&#8221; text_orientation=&#8221;left&#8221; header_font_size=&#8221;26&#8243; body_font_size=&#8221;14&#8243; use_border_color=&#8221;off&#8221; border_color=&#8221;#ffffff&#8221; border_style=&#8221;solid&#8221; custom_button=&#8221;off&#8221; button_text_size=&#8221;20&#8243; button_border_width=&#8221;2&#8243; button_border_radius=&#8221;3&#8243; button_letter_spacing=&#8221;0&#8243; button_use_icon=&#8221;default&#8221; button_icon_placement=&#8221;right&#8221; button_on_hover=&#8221;on&#8221; button_border_radius_hover=&#8221;3&#8243; button_letter_spacing_hover=&#8221;0&#8243; button_url=&#8221;http:\/\/www.headproducoes.com.br\/site\/portfolio\/spots\/&#8221; button_text=&#8221;Ver mais&#8221;] [\/et_pb_cta][\/et_pb_column][\/et_pb_row][\/et_pb_section][et_pb_section admin_label=&#8221;Se\u00e7\u00e3o&#8221; fullwidth=&#8221;off&#8221; specialty=&#8221;off&#8221;][et_pb_row admin_label=&#8221;Linha&#8221; make_fullwidth=&#8221;on&#8221; use_custom_width=&#8221;off&#8221; width_unit=&#8221;on&#8221; use_custom_gutter=&#8221;off&#8221; gutter_width=&#8221;3&#8243; padding_mobile=&#8221;off&#8221; allow_player_pause=&#8221;off&#8221; parallax=&#8221;off&#8221; parallax_method=&#8221;off&#8221; make_equal=&#8221;off&#8221; parallax_1=&#8221;off&#8221; parallax_method_1=&#8221;off&#8221; column_padding_mobile=&#8221;on&#8221;][et_pb_column type=&#8221;4_4&#8243;][et_pb_text admin_label=&#8221;Texto&#8221; background_layout=&#8221;light&#8221; text_orientation=&#8221;left&#8221; text_font_size=&#8221;14&#8243; use_border_color=&#8221;off&#8221; border_color=&#8221;#ffffff&#8221; border_style=&#8221;solid&#8221;]<\/p>\n<h2><strong>Trilhas<\/strong><\/h2>\n<hr \/>\n<h2><\/h2>\n<p>[\/et_pb_text][\/et_pb_column][\/et_pb_row][et_pb_row admin_label=&#8221;Linha&#8221;][et_pb_column type=&#8221;1_4&#8243;][et_pb_audio admin_label=&#8221;\u00c1udio&#8221; audio=&#8221;http:\/\/www.headproducoes.com.br\/site\/wp-content\/uploads\/2015\/12\/Trilhas-Governo-do-Urugay.mp3&#8243; title=&#8221;Governo do Urugay&#8221; background_layout=&#8221;light&#8221; title_font_size=&#8221;15&#8243; caption_font_size=&#8221;14&#8243; use_border_color=&#8221;off&#8221; border_color=&#8221;#ffffff&#8221; border_style=&#8221;solid&#8221; background_color=&#8221;#ffffff&#8221;] [\/et_pb_audio][\/et_pb_column][et_pb_column type=&#8221;1_4&#8243;][et_pb_audio admin_label=&#8221;\u00c1udio&#8221; audio=&#8221;http:\/\/www.headproducoes.com.br\/site\/wp-content\/uploads\/2015\/12\/Trilhas-Rbs-Radio-Gaucha.mp3&#8243; title=&#8221;Radio Gaucha&#8221; background_layout=&#8221;light&#8221; title_font_size=&#8221;15&#8243; caption_font_size=&#8221;14&#8243; use_border_color=&#8221;off&#8221; border_color=&#8221;#ffffff&#8221; border_style=&#8221;solid&#8221; background_color=&#8221;#ffffff&#8221;] [\/et_pb_audio][\/et_pb_column][et_pb_column type=&#8221;1_4&#8243;][et_pb_audio admin_label=&#8221;\u00c1udio&#8221; audio=&#8221;http:\/\/www.headproducoes.com.br\/site\/wp-content\/uploads\/2015\/12\/Trilhas-Spazio-Del-Bagno.mp3&#8243; title=&#8221;Spazio Del Bagno&#8221; background_layout=&#8221;light&#8221; title_font_size=&#8221;15&#8243; caption_font_size=&#8221;14&#8243; use_border_color=&#8221;off&#8221; border_color=&#8221;#ffffff&#8221; border_style=&#8221;solid&#8221; background_color=&#8221;#ffffff&#8221;] [\/et_pb_audio][\/et_pb_column][et_pb_column type=&#8221;1_4&#8243;][et_pb_cta admin_label=&#8221;Chamada \u00e0 A\u00e7\u00e3o&#8221; url_new_window=&#8221;off&#8221; use_background_color=&#8221;off&#8221; background_color=&#8221;#4b467c&#8221; background_layout=&#8221;light&#8221; text_orientation=&#8221;left&#8221; header_font_size=&#8221;26&#8243; body_font_size=&#8221;14&#8243; use_border_color=&#8221;off&#8221; border_color=&#8221;#ffffff&#8221; border_style=&#8221;solid&#8221; custom_button=&#8221;off&#8221; button_text_size=&#8221;20&#8243; button_border_width=&#8221;2&#8243; button_border_radius=&#8221;3&#8243; button_letter_spacing=&#8221;0&#8243; button_use_icon=&#8221;default&#8221; button_icon_placement=&#8221;right&#8221; button_on_hover=&#8221;on&#8221; button_border_radius_hover=&#8221;3&#8243; button_letter_spacing_hover=&#8221;0&#8243; button_url=&#8221;http:\/\/www.headproducoes.com.br\/site\/portfolio\/trilhas\/&#8221; button_text=&#8221;Ver mais&#8221;] [\/et_pb_cta][\/et_pb_column][\/et_pb_row][\/et_pb_section][et_pb_section admin_label=&#8221;Se\u00e7\u00e3o&#8221; fullwidth=&#8221;off&#8221; specialty=&#8221;off&#8221;][et_pb_row admin_label=&#8221;Linha&#8221; make_fullwidth=&#8221;on&#8221; use_custom_width=&#8221;off&#8221; width_unit=&#8221;on&#8221; use_custom_gutter=&#8221;off&#8221; gutter_width=&#8221;3&#8243; padding_mobile=&#8221;off&#8221; allow_player_pause=&#8221;off&#8221; parallax=&#8221;off&#8221; parallax_method=&#8221;off&#8221; make_equal=&#8221;off&#8221; parallax_1=&#8221;off&#8221; parallax_method_1=&#8221;off&#8221; column_padding_mobile=&#8221;on&#8221;][et_pb_column type=&#8221;4_4&#8243;][et_pb_text admin_label=&#8221;Texto&#8221; background_layout=&#8221;light&#8221; text_orientation=&#8221;left&#8221; text_font_size=&#8221;14&#8243; use_border_color=&#8221;off&#8221; border_color=&#8221;#ffffff&#8221; border_style=&#8221;solid&#8221;]<\/p>\n<h2><strong>V\u00eddeos<\/strong><\/h2>\n<hr \/>\n<h2><\/h2>\n<p>[\/et_pb_text][\/et_pb_column][\/et_pb_row][et_pb_row admin_label=&#8221;Linha&#8221;][et_pb_column type=&#8221;1_3&#8243;][et_pb_text admin_label=&#8221;Texto&#8221; background_layout=&#8221;light&#8221; text_orientation=&#8221;left&#8221; text_font_size=&#8221;14&#8243; use_border_color=&#8221;off&#8221; border_color=&#8221;#ffffff&#8221; border_style=&#8221;solid&#8221;]<\/p>\n<div class=\"et_pb_text et_pb_module et_pb_bg_layout_light et_pb_text_align_left et_pb_text_1\">\n<h3 class=\"clip_info-header\" data-reactid=\".0.0.1.0.0.0.0\"><span data-reactid=\".0.0.1.0.0.0.0.1\">Informe Outubro\u00a0Rosa<\/span><\/h3>\n<\/div>\n<div class=\"et_pb_module et_pb_video et_pb_video_1\"><\/div>\n<p>[\/et_pb_text][et_pb_video admin_label=&#8221;V\u00eddeo&#8221; src=&#8221;https:\/\/vimeo.com\/109249838&#8243; image_src=&#8221;\/\/i.vimeocdn.com\/video\/493161997_960.jpg&#8221;] [\/et_pb_video][\/et_pb_column][et_pb_column type=&#8221;1_3&#8243;][et_pb_text admin_label=&#8221;Texto&#8221; background_layout=&#8221;light&#8221; text_orientation=&#8221;left&#8221; text_font_size=&#8221;14&#8243; use_border_color=&#8221;off&#8221; border_color=&#8221;#ffffff&#8221; border_style=&#8221;solid&#8221;]<\/p>\n<div class=\"et_pb_text et_pb_module et_pb_bg_layout_light et_pb_text_align_left et_pb_text_0\">\n<h3 class=\"clip_info-header\" data-reactid=\".0.0.1.0.0.0.0\"><span data-reactid=\".0.0.1.0.0.0.0.1\">Final de ano \u2013\u00a0<\/span>Rio Grande<\/h3>\n<\/div>\n<div class=\"et_pb_module et_pb_video et_pb_video_0\"><\/div>\n<p>[\/et_pb_text][et_pb_video admin_label=&#8221;V\u00eddeo&#8221; src=&#8221;https:\/\/vimeo.com\/115277400&#8243; image_src=&#8221;\/\/i.vimeocdn.com\/video\/501249503_960.jpg&#8221;] [\/et_pb_video][\/et_pb_column][et_pb_column type=&#8221;1_3&#8243;][et_pb_cta admin_label=&#8221;Chamada \u00e0 A\u00e7\u00e3o&#8221; url_new_window=&#8221;off&#8221; use_background_color=&#8221;off&#8221; background_color=&#8221;#4b467c&#8221; background_layout=&#8221;light&#8221; text_orientation=&#8221;left&#8221; header_font_size=&#8221;26&#8243; body_font_size=&#8221;14&#8243; use_border_color=&#8221;off&#8221; border_color=&#8221;#ffffff&#8221; border_style=&#8221;solid&#8221; custom_button=&#8221;off&#8221; button_text_size=&#8221;20&#8243; button_border_width=&#8221;2&#8243; button_border_radius=&#8221;3&#8243; button_letter_spacing=&#8221;0&#8243; button_use_icon=&#8221;default&#8221; button_icon_placement=&#8221;right&#8221; button_on_hover=&#8221;on&#8221; button_border_radius_hover=&#8221;3&#8243; button_letter_spacing_hover=&#8221;0&#8243; button_url=&#8221;http:\/\/www.headproducoes.com.br\/site\/portfolio\/trilhas\/&#8221; button_text=&#8221;Ver mais&#8221;] [\/et_pb_cta][\/et_pb_column][\/et_pb_row][\/et_pb_section][et_pb_section admin_label=&#8221;section&#8221; fullwidth=&#8221;off&#8221; specialty=&#8221;off&#8221; background_color=&#8221;#f7f7f7&#8243; inner_shadow=&#8221;on&#8221; parallax=&#8221;off&#8221;][et_pb_row admin_label=&#8221;row&#8221;][et_pb_column type=&#8221;4_4&#8243;][et_pb_cta admin_label=&#8221;Call To Action&#8221; title=&#8221;Gostou n\u00e9? Ent\u00e3o &#8230;&#8221; button_url=&#8221;http:\/\/www.headproducoes.com.br\/site\/contato\/&#8221; button_text=&#8221;Fale Conosco&#8221; use_background_color=&#8221;off&#8221; background_color=&#8221;#108bf5&#8243; background_layout=&#8221;light&#8221; text_orientation=&#8221;center&#8221; url_new_window=&#8221;off&#8221; header_font_size=&#8221;26&#8243; body_font_size=&#8221;14&#8243; use_border_color=&#8221;off&#8221; border_color=&#8221;#ffffff&#8221; border_style=&#8221;solid&#8221; custom_button=&#8221;off&#8221; button_text_size=&#8221;20&#8243; button_border_width=&#8221;2&#8243; button_border_radius=&#8221;3&#8243; button_letter_spacing=&#8221;0&#8243; button_use_icon=&#8221;default&#8221; button_icon_placement=&#8221;right&#8221; button_on_hover=&#8221;on&#8221; button_border_radius_hover=&#8221;3&#8243; button_letter_spacing_hover=&#8221;0&#8243;] [\/et_pb_cta][\/et_pb_column][\/et_pb_row][\/et_pb_section]<\/p>\n<span class=\"et_bloom_bottom_trigger\"><\/span>","protected":false},"excerpt":{"rendered":"<p>\u00c1udio visuais &nbsp; Espera Telef\u00f4nica Jingles Spots Trilhas V\u00eddeos Informe Outubro\u00a0Rosa Final de ano \u2013\u00a0Rio Grande<\/p>\n","protected":false},"author":1,"featured_media":0,"parent":0,"menu_order":0,"comment_status":"closed","ping_status":"closed","template":"","meta":{"_et_pb_use_builder":"on","_et_pb_old_content":"","_et_gb_content_width":"","footnotes":""},"_links":{"self":[{"href":"http:\/\/www.headproducoes.com.br\/site\/wp-json\/wp\/v2\/pages\/81"}],"collection":[{"href":"http:\/\/www.headproducoes.com.br\/site\/wp-json\/wp\/v2\/pages"}],"about":[{"href":"http:\/\/www.headproducoes.com.br\/site\/wp-json\/wp\/v2\/types\/page"}],"author":[{"embeddable":true,"href":"http:\/\/www.headproducoes.com.br\/site\/wp-json\/wp\/v2\/users\/1"}],"replies":[{"embeddable":true,"href":"http:\/\/www.headproducoes.com.br\/site\/wp-json\/wp\/v2\/comments?post=81"}],"version-history":[{"count":57,"href":"http:\/\/www.headproducoes.com.br\/site\/wp-json\/wp\/v2\/pages\/81\/revisions"}],"predecessor-version":[{"id":462,"href":"http:\/\/www.headproducoes.com.br\/site\/wp-json\/wp\/v2\/pages\/81\/revisions\/462"}],"wp:attachment":[{"href":"http:\/\/www.headproducoes.com.br\/site\/wp-json\/wp\/v2\/media?parent=81"}],"curies":[{"name":"wp","href":"https:\/\/api.w.org\/{rel}","templated":true}]}}